{"id":6795,"date":"2021-07-28T09:09:42","date_gmt":"2021-07-28T09:09:42","guid":{"rendered":"https:\/\/cpb.hr\/prohlidky\/"},"modified":"2025-08-11T13:37:07","modified_gmt":"2025-08-11T13:37:07","slug":"prohlidky","status":"publish","type":"page","link":"https:\/\/cpb.hr\/cs\/prohlidky\/","title":{"rendered":"Prohl\u00eddky"},"content":{"rendered":"\t\t<div data-elementor-type=\"wp-page\" data-elementor-id=\"6795\" class=\"elementor elementor-6795 elementor-1407\">\n\t\t\t\t\t\t<section class=\"elementor-section elementor-top-section elementor-element elementor-element-56d3db9 elementor-section-full_width elementor-section-height-default elementor-section-height-default qodef-elementor-content-no\" data-id=\"56d3db9\" data-element_type=\"section\" data-e-type=\"section\">\n\t\t\t\t\t\t<div class=\"elementor-container elementor-column-gap-default\">\n\t\t\t\t\t<div class=\"elementor-column elementor-col-100 elementor-top-column elementor-element elementor-element-c503bc4\" data-id=\"c503bc4\" data-element_type=\"column\" data-e-type=\"column\">\n\t\t\t<div class=\"elementor-widget-wrap elementor-element-populated\">\n\t\t\t\t\t\t<div class=\"elementor-element elementor-element-2d1094f elementor-widget elementor-widget-seafarer_core_tour_list\" data-id=\"2d1094f\" data-element_type=\"widget\" data-e-type=\"widget\" data-widget_type=\"seafarer_core_tour_list.default\">\n\t\t\t\t<div class=\"elementor-widget-container\">\n\t\t\t\t\t<div class=\"qodef-shortcode qodef-m qodef-tour-list qodef-layout--info-aside qodef-filter--on qodef-grid qodef-layout--columns qodef-gutter--huge qodef-col-num--1 qodef-item-layout--info-aside qodef-pagination--on qodef-pagination-type--standard qodef-responsive--predefined qodef-swiper-pagination--on\" data-options=\"{&quot;plugin&quot;:&quot;seafarer_core&quot;,&quot;module&quot;:&quot;post-types\\\/tour\\\/shortcodes&quot;,&quot;shortcode&quot;:&quot;tour-list&quot;,&quot;post_type&quot;:&quot;tour&quot;,&quot;next_page&quot;:&quot;2&quot;,&quot;max_pages_num&quot;:1,&quot;posts_per_page&quot;:&quot;10&quot;,&quot;orderby&quot;:&quot;date&quot;,&quot;order&quot;:&quot;ASC&quot;,&quot;additional_params&quot;:&quot;tax&quot;,&quot;tax&quot;:&quot;tour-destination&quot;,&quot;tax_slug&quot;:&quot;murter&quot;,&quot;behavior&quot;:&quot;columns&quot;,&quot;images_proportion&quot;:&quot;full&quot;,&quot;columns&quot;:&quot;1&quot;,&quot;columns_responsive&quot;:&quot;predefined&quot;,&quot;columns_1440&quot;:&quot;3&quot;,&quot;columns_1366&quot;:&quot;3&quot;,&quot;columns_1024&quot;:&quot;3&quot;,&quot;columns_768&quot;:&quot;3&quot;,&quot;columns_680&quot;:&quot;3&quot;,&quot;columns_480&quot;:&quot;3&quot;,&quot;space&quot;:&quot;huge&quot;,&quot;layout&quot;:&quot;info-aside&quot;,&quot;title_tag&quot;:&quot;h4&quot;,&quot;excerpt_length&quot;:&quot;200&quot;,&quot;enable_sorting&quot;:&quot;yes&quot;,&quot;pagination_type&quot;:&quot;standard&quot;,&quot;object_class_name&quot;:&quot;SeafarerCore_Tour_List_Shortcode&quot;,&quot;additional_query_args&quot;:{&quot;tax_query&quot;:[{&quot;taxonomy&quot;:&quot;tour-destination&quot;,&quot;field&quot;:&quot;slug&quot;,&quot;terms&quot;:&quot;murter&quot;}]},&quot;unique&quot;:&quot;1&quot;,&quot;item_classes&quot;:&quot;qodef-e qodef-tour-list-item qodef-grid-item &quot;,&quot;space_value&quot;:40}\">\n    \t<div class=\"qodef-m-sorting-holder\">\n        <ul class=\"qodef-m-sorting\">\n            <li><a class=\"qodef-m-sorting-item\" data-value=\"newest\" href=\"#\">Date<\/a><\/li>\n            <li><a class=\"qodef-m-sorting-item\" data-value=\"price-high\" href=\"#\">Price High to Low<\/a><\/li>\n            <li><a class=\"qodef-m-sorting-item\" data-value=\"price-low\" href=\"#\">Price Low To High<\/a><\/li>\n            <li><a class=\"qodef-m-sorting-item\" data-value=\"az\" href=\"#\">Name (A-Z)<\/a><\/li>\n        <\/ul>\n\t<\/div>\n\n\t<div class=\"qodef-grid-inner clear\">\n\t\t<div class=\"qodef-e qodef-tour-list-item qodef-grid-item qodef-item--full\">\n    <div class=\"qodef-e-inner\">\n\t    <span class=\"qodef-m-border--top-left\"><\/span>\n\t    <span class=\"qodef-m-border--bottom-right\"><\/span>\n        <div class=\"qodef-e-media\">\n            \t<div class=\"qodef-e-media-image\" data-swiper-parallax=\"27%\">\n\t\t<span class=\"qodef-m-border--top-left\"><\/span>\n\t\t<span class=\"qodef-m-border--bottom-right\"><\/span>\n\t\t<a itemprop=\"url\" href=\"https:\/\/cpb.hr\/cs\/tour\/prevody-palivo\/\">\n\t\t\t<img fetchpriority=\"high\" decoding=\"async\" width=\"800\" height=\"600\" src=\"https:\/\/cpb.hr\/wp-content\/uploads\/2025\/07\/trasnfers.jpg\" class=\"attachment-full size-full\" alt=\"Speedboat rental in Murter cruising through Kornati islands\" srcset=\"https:\/\/cpb.hr\/wp-content\/uploads\/2025\/07\/trasnfers.jpg 800w, https:\/\/cpb.hr\/wp-content\/uploads\/2025\/07\/trasnfers-300x225.jpg 300w, https:\/\/cpb.hr\/wp-content\/uploads\/2025\/07\/trasnfers-768x576.jpg 768w\" sizes=\"(max-width: 800px) 100vw, 800px\" \/>\t\t<\/a>\n\t<\/div>\n        <\/div>\n        <div class=\"qodef-e-content\">\n            <div class=\"qodef-e-content-text\">\n                \t<span class=\"qodef-e-price\">\n\t\t<span class=\"qodef-e-price-value\">&euro;100 hodin<\/span>\n                    <span class=\"qodef-e-price-label\">\/ per day<\/span>\n        \t<\/span>\n                <h4 itemprop=\"name\" class=\"qodef-e-title entry-title\" >\n\t<a itemprop=\"url\" href=\"https:\/\/cpb.hr\/cs\/tour\/prevody-palivo\/\">\n\t\tP\u0159evody + palivo\t<\/a>\n<\/h4>\n                \t\t<p itemprop=\"description\" class=\"qodef-e-excerpt\">Soukrom\u00e9 v\u00fdlety a transfery z Murteru s lod\u00ed SuperRib 30 - rychl\u00e9, bezpe\u010dn\u00e9 a pln\u011b p\u0159izp\u016fsobiteln\u00e9 v\u00fdlety lod\u00ed.<\/p>\n\t\t            <\/div>\n            <div class=\"qodef-e-content-info\">\n                \n<ul class=\"qodef-e-basic-info\">\n            <li class=\"qodef-e-item qodef-e-boat-type\">Superrib 30<\/li>\n                <li class=\"qodef-e-item qodef-e-guests\">11 guests<\/li>\n                    <li class=\"qodef-e-item qodef-e-cruising_speed\">30 Nm<\/li>\n    <\/ul>            <\/div>\n        <\/div>\n    <\/div>\n<\/div><div class=\"qodef-e qodef-tour-list-item qodef-grid-item qodef-item--full\">\n    <div class=\"qodef-e-inner\">\n\t    <span class=\"qodef-m-border--top-left\"><\/span>\n\t    <span class=\"qodef-m-border--bottom-right\"><\/span>\n        <div class=\"qodef-e-media\">\n            \t<div class=\"qodef-e-media-image\" data-swiper-parallax=\"27%\">\n\t\t<span class=\"qodef-m-border--top-left\"><\/span>\n\t\t<span class=\"qodef-m-border--bottom-right\"><\/span>\n\t\t<a itemprop=\"url\" href=\"https:\/\/cpb.hr\/cs\/tour\/denni-pronajem-s-kapitanem-palivo\/\">\n\t\t\t<img decoding=\"async\" width=\"800\" height=\"533\" src=\"https:\/\/cpb.hr\/wp-content\/uploads\/2025\/07\/boat_with_skipper_murter.jpg\" class=\"attachment-full size-full\" alt=\"Speedboat rental in Murter cruising through Kornati islands\" srcset=\"https:\/\/cpb.hr\/wp-content\/uploads\/2025\/07\/boat_with_skipper_murter.jpg 800w, https:\/\/cpb.hr\/wp-content\/uploads\/2025\/07\/boat_with_skipper_murter-300x200.jpg 300w, https:\/\/cpb.hr\/wp-content\/uploads\/2025\/07\/boat_with_skipper_murter-768x512.jpg 768w\" sizes=\"(max-width: 800px) 100vw, 800px\" \/>\t\t<\/a>\n\t<\/div>\n        <\/div>\n        <div class=\"qodef-e-content\">\n            <div class=\"qodef-e-content-text\">\n                \t<span class=\"qodef-e-price\">\n\t\t<span class=\"qodef-e-price-value\">&euro;700<\/span>\n                    <span class=\"qodef-e-price-label\">\/ per day<\/span>\n        \t<\/span>\n                <h4 itemprop=\"name\" class=\"qodef-e-title entry-title\" >\n\t<a itemprop=\"url\" href=\"https:\/\/cpb.hr\/cs\/tour\/denni-pronajem-s-kapitanem-palivo\/\">\n\t\tDenn\u00ed pron\u00e1jem s kapit\u00e1nem + palivo\t<\/a>\n<\/h4>\n                \t\t<p itemprop=\"description\" class=\"qodef-e-excerpt\">Luxusn\u00ed v\u00fdlety rychl\u00fdm \u010dlunem a transfery z Murteru na Kornati, Hvar a dal\u0161\u00ed. Soukrom\u00e9, rychl\u00e9 a pln\u011b flexibiln\u00ed. <\/p>\n\t\t            <\/div>\n            <div class=\"qodef-e-content-info\">\n                \n<ul class=\"qodef-e-basic-info\">\n            <li class=\"qodef-e-item qodef-e-boat-type\">Superrib 30<\/li>\n                <li class=\"qodef-e-item qodef-e-guests\">11 guests<\/li>\n                    <li class=\"qodef-e-item qodef-e-cruising_speed\">30 NM<\/li>\n    <\/ul>            <\/div>\n        <\/div>\n    <\/div>\n<\/div><div class=\"qodef-e qodef-tour-list-item qodef-grid-item qodef-item--full\">\n    <div class=\"qodef-e-inner\">\n\t    <span class=\"qodef-m-border--top-left\"><\/span>\n\t    <span class=\"qodef-m-border--bottom-right\"><\/span>\n        <div class=\"qodef-e-media\">\n            \t<div class=\"qodef-e-media-image\" data-swiper-parallax=\"27%\">\n\t\t<span class=\"qodef-m-border--top-left\"><\/span>\n\t\t<span class=\"qodef-m-border--bottom-right\"><\/span>\n\t\t<a itemprop=\"url\" href=\"https:\/\/cpb.hr\/cs\/tour\/souostrovi-murter-vcetne-paliva\/\">\n\t\t\t<img decoding=\"async\" width=\"800\" height=\"600\" src=\"https:\/\/cpb.hr\/wp-content\/uploads\/2021\/08\/MurterArchipelago.jpg\" class=\"attachment-full size-full\" alt=\"Speedboat rental in Murter cruising through Kornati islands\" srcset=\"https:\/\/cpb.hr\/wp-content\/uploads\/2021\/08\/MurterArchipelago.jpg 800w, https:\/\/cpb.hr\/wp-content\/uploads\/2021\/08\/MurterArchipelago-300x225.jpg 300w, https:\/\/cpb.hr\/wp-content\/uploads\/2021\/08\/MurterArchipelago-768x576.jpg 768w\" sizes=\"(max-width: 800px) 100vw, 800px\" \/>\t\t<\/a>\n\t<\/div>\n        <\/div>\n        <div class=\"qodef-e-content\">\n            <div class=\"qodef-e-content-text\">\n                \t<span class=\"qodef-e-price\">\n\t\t<span class=\"qodef-e-price-value\">&euro;250<\/span>\n                    <span class=\"qodef-e-price-label\">\/ per day<\/span>\n        \t<\/span>\n                <h4 itemprop=\"name\" class=\"qodef-e-title entry-title\" >\n\t<a itemprop=\"url\" href=\"https:\/\/cpb.hr\/cs\/tour\/souostrovi-murter-vcetne-paliva\/\">\n\t\tSouostrov\u00ed Murter (v\u010detn\u011b paliva)\t<\/a>\n<\/h4>\n                \t\t<p itemprop=\"description\" class=\"qodef-e-excerpt\">Soukrom\u00fd dvouhodinov\u00fd v\u00fdlet za delf\u00edny a z\u00e1padem slunce z Murteru na luxusn\u00edm motorov\u00e9m \u010dlunu - klidn\u00fd, malebn\u00fd a nezapomenuteln\u00fd.<\/p>\n\t\t            <\/div>\n            <div class=\"qodef-e-content-info\">\n                \n<ul class=\"qodef-e-basic-info\">\n            <li class=\"qodef-e-item qodef-e-boat-type\">Superib 30<\/li>\n                <li class=\"qodef-e-item qodef-e-guests\">11 guests<\/li>\n                    <li class=\"qodef-e-item qodef-e-cruising_speed\">30 Nm<\/li>\n    <\/ul>            <\/div>\n        <\/div>\n    <\/div>\n<\/div><div class=\"qodef-e qodef-tour-list-item qodef-grid-item qodef-item--full\">\n    <div class=\"qodef-e-inner\">\n\t    <span class=\"qodef-m-border--top-left\"><\/span>\n\t    <span class=\"qodef-m-border--bottom-right\"><\/span>\n        <div class=\"qodef-e-media\">\n            \t<div class=\"qodef-e-media-image\" data-swiper-parallax=\"27%\">\n\t\t<span class=\"qodef-m-border--top-left\"><\/span>\n\t\t<span class=\"qodef-m-border--bottom-right\"><\/span>\n\t\t<a itemprop=\"url\" href=\"https:\/\/cpb.hr\/cs\/tour\/puldenni-vylet-lodi-po-kornatech-vcetne-paliva\/\">\n\t\t\t<img loading=\"lazy\" decoding=\"async\" width=\"800\" height=\"521\" src=\"https:\/\/cpb.hr\/wp-content\/uploads\/2025\/07\/6_croatina_premium_boats_murter.jpg\" class=\"attachment-full size-full\" alt=\"Speedboat rental in Murter cruising through Kornati islands\" srcset=\"https:\/\/cpb.hr\/wp-content\/uploads\/2025\/07\/6_croatina_premium_boats_murter.jpg 800w, https:\/\/cpb.hr\/wp-content\/uploads\/2025\/07\/6_croatina_premium_boats_murter-300x195.jpg 300w, https:\/\/cpb.hr\/wp-content\/uploads\/2025\/07\/6_croatina_premium_boats_murter-768x500.jpg 768w\" sizes=\"(max-width: 800px) 100vw, 800px\" \/>\t\t<\/a>\n\t<\/div>\n        <\/div>\n        <div class=\"qodef-e-content\">\n            <div class=\"qodef-e-content-text\">\n                \t<span class=\"qodef-e-price\">\n\t\t<span class=\"qodef-e-price-value\">&euro;650<\/span>\n                    <span class=\"qodef-e-price-label\">\/ per day<\/span>\n        \t<\/span>\n                <h4 itemprop=\"name\" class=\"qodef-e-title entry-title\" >\n\t<a itemprop=\"url\" href=\"https:\/\/cpb.hr\/cs\/tour\/puldenni-vylet-lodi-po-kornatech-vcetne-paliva\/\">\n\t\tP\u016fldenn\u00ed v\u00fdlet lod\u00ed po Kornatech (v\u010detn\u011b paliva)\t<\/a>\n<\/h4>\n                \t\t<p itemprop=\"description\" class=\"qodef-e-excerpt\">P\u016fldenn\u00ed v\u00fdlet lod\u00ed z Murteru na Kornati s koup\u00e1n\u00edm ve skryt\u00fdch z\u00e1tok\u00e1ch a na klidn\u00fdch pl\u00e1\u017e\u00edch. Soukrom\u00e9, klidn\u00e9, nezapomenuteln\u00e9. <\/p>\n\t\t            <\/div>\n            <div class=\"qodef-e-content-info\">\n                \n<ul class=\"qodef-e-basic-info\">\n            <li class=\"qodef-e-item qodef-e-boat-type\">Superib 30<\/li>\n                <li class=\"qodef-e-item qodef-e-guests\">11 guests<\/li>\n                    <li class=\"qodef-e-item qodef-e-cruising_speed\">30<\/li>\n    <\/ul>            <\/div>\n        <\/div>\n    <\/div>\n<\/div><div class=\"qodef-e qodef-tour-list-item qodef-grid-item qodef-item--full\">\n    <div class=\"qodef-e-inner\">\n\t    <span class=\"qodef-m-border--top-left\"><\/span>\n\t    <span class=\"qodef-m-border--bottom-right\"><\/span>\n        <div class=\"qodef-e-media\">\n            \t<div class=\"qodef-e-media-image\" data-swiper-parallax=\"27%\">\n\t\t<span class=\"qodef-m-border--top-left\"><\/span>\n\t\t<span class=\"qodef-m-border--bottom-right\"><\/span>\n\t\t<a itemprop=\"url\" href=\"https:\/\/cpb.hr\/cs\/tour\/presun-z-kotviste-na-breh-murter\/\">\n\t\t\t<img loading=\"lazy\" decoding=\"async\" width=\"800\" height=\"521\" src=\"https:\/\/cpb.hr\/wp-content\/uploads\/2025\/08\/2rent_a_boat_murter.jpg\" class=\"attachment-full size-full\" alt=\"Rent a Boat Murter\" srcset=\"https:\/\/cpb.hr\/wp-content\/uploads\/2025\/08\/2rent_a_boat_murter.jpg 800w, https:\/\/cpb.hr\/wp-content\/uploads\/2025\/08\/2rent_a_boat_murter-300x195.jpg 300w, https:\/\/cpb.hr\/wp-content\/uploads\/2025\/08\/2rent_a_boat_murter-768x500.jpg 768w, https:\/\/cpb.hr\/wp-content\/uploads\/2025\/08\/2rent_a_boat_murter-600x391.jpg 600w\" sizes=\"(max-width: 800px) 100vw, 800px\" \/>\t\t<\/a>\n\t<\/div>\n        <\/div>\n        <div class=\"qodef-e-content\">\n            <div class=\"qodef-e-content-text\">\n                \t<span class=\"qodef-e-price\">\n\t\t<span class=\"qodef-e-price-value\">&euro;5<\/span>\n                    <span class=\"qodef-e-price-label\">\/ per day<\/span>\n        \t<\/span>\n                <h4 itemprop=\"name\" class=\"qodef-e-title entry-title\" >\n\t<a itemprop=\"url\" href=\"https:\/\/cpb.hr\/cs\/tour\/presun-z-kotviste-na-breh-murter\/\">\n\t\tP\u0159esun z kotvi\u0161t\u011b na b\u0159eh &#8211; Murter\t<\/a>\n<\/h4>\n                \t\t<p itemprop=\"description\" class=\"qodef-e-excerpt\">Cena za osobu!\nSoukrom\u00fd transfer z kotvi\u0161t\u011b na b\u0159eh v z\u00e1toce Murter. Spolehliv\u00fd, rychl\u00fd a na zavol\u00e1n\u00ed. Rezervujte online nebo telefonicky.  <\/p>\n\t\t            <\/div>\n            <div class=\"qodef-e-content-info\">\n                \n<ul class=\"qodef-e-basic-info\">\n            <li class=\"qodef-e-item qodef-e-boat-type\">Superrib nebo Boat 7.2<\/li>\n                <li class=\"qodef-e-item qodef-e-guests\">11 guests<\/li>\n            <\/ul>            <\/div>\n        <\/div>\n    <\/div>\n<\/div>\t<\/div>\n\t<\/div>\n\t\t\t\t<\/div>\n\t\t\t\t<\/div>\n\t\t\t\t\t<\/div>\n\t\t<\/div>\n\t\t\t\t\t<\/div>\n\t\t<\/section>\n\t\t\t\t<\/div>\n\t\t","protected":false},"excerpt":{"rendered":"<p>P\u016fj\u010dovna lod\u00ed Premium v Murteru &#8211; soukrom\u00e9 v\u00fdlety na Kornati, \u0160ibenik a Skradin. Kapit\u00e1n, palivo a luxus v cen\u011b. <\/p>\n","protected":false},"author":1,"featured_media":6797,"parent":0,"menu_order":0,"comment_status":"closed","ping_status":"closed","template":"","meta":{"footnotes":""},"class_list":["post-6795","page","type-page","status-publish","has-post-thumbnail","hentry"],"yoast_head":"<!-- This site is optimized with the Yoast SEO plugin v27.4 - https:\/\/yoast.com\/product\/yoast-seo-wordpress\/ -->\n<title>P\u0159esun z kotvi\u0161t\u011b na b\u0159eh \u2013 Murter | Croatian Premium Boats<\/title>\n<meta name=\"robots\" content=\"index, follow, max-snippet:-1, max-image-preview:large, max-video-preview:-1\" \/>\n<link rel=\"canonical\" href=\"https:\/\/cpb.hr\/cs\/prohlidky\/\" \/>\n<meta property=\"og:locale\" content=\"cs_CZ\" \/>\n<meta property=\"og:type\" content=\"article\" \/>\n<meta property=\"og:title\" content=\"Prohl\u00eddky - Croatian Premium Boats\" \/>\n<meta property=\"og:description\" content=\"P\u016fj\u010dovna lod\u00ed Premium v Murteru - soukrom\u00e9 v\u00fdlety na Kornati, \u0160ibenik a Skradin. Kapit\u00e1n, palivo a luxus v cen\u011b.\" \/>\n<meta property=\"og:url\" content=\"https:\/\/cpb.hr\/cs\/prohlidky\/\" \/>\n<meta property=\"og:site_name\" content=\"Croatian Premium Boats\" \/>\n<meta property=\"article:modified_time\" content=\"2025-08-11T13:37:07+00:00\" \/>\n<meta property=\"og:image\" content=\"https:\/\/cpb.hr\/wp-content\/uploads\/2025\/07\/1_croatina_premium_boats_murter-e1752588664197.jpg\" \/>\n\t<meta property=\"og:image:width\" content=\"1800\" \/>\n\t<meta property=\"og:image:height\" content=\"1200\" \/>\n\t<meta property=\"og:image:type\" content=\"image\/jpeg\" \/>\n<meta name=\"twitter:card\" content=\"summary_large_image\" \/>\n<meta name=\"twitter:label1\" content=\"Odhadovan\u00e1 doba \u010dten\u00ed\" \/>\n\t<meta name=\"twitter:data1\" content=\"1 minuta\" \/>\n<script type=\"application\/ld+json\" class=\"yoast-schema-graph\">{\"@context\":\"https:\\\/\\\/schema.org\",\"@graph\":[{\"@type\":\"WebPage\",\"@id\":\"https:\\\/\\\/cpb.hr\\\/cs\\\/prohlidky\\\/\",\"url\":\"https:\\\/\\\/cpb.hr\\\/cs\\\/prohlidky\\\/\",\"name\":\"Prohl\u00eddky - Croatian Premium Boats\",\"isPartOf\":{\"@id\":\"https:\\\/\\\/cpb.hr\\\/cs\\\/#website\"},\"primaryImageOfPage\":{\"@id\":\"https:\\\/\\\/cpb.hr\\\/cs\\\/prohlidky\\\/#primaryimage\"},\"image\":{\"@id\":\"https:\\\/\\\/cpb.hr\\\/cs\\\/prohlidky\\\/#primaryimage\"},\"thumbnailUrl\":\"https:\\\/\\\/cpb.hr\\\/wp-content\\\/uploads\\\/2025\\\/07\\\/1_croatina_premium_boats_murter-e1752588664197.jpg\",\"datePublished\":\"2021-07-28T09:09:42+00:00\",\"dateModified\":\"2025-08-11T13:37:07+00:00\",\"breadcrumb\":{\"@id\":\"https:\\\/\\\/cpb.hr\\\/cs\\\/prohlidky\\\/#breadcrumb\"},\"inLanguage\":\"cs\",\"potentialAction\":[{\"@type\":\"ReadAction\",\"target\":[\"https:\\\/\\\/cpb.hr\\\/cs\\\/prohlidky\\\/\"]}]},{\"@type\":\"ImageObject\",\"inLanguage\":\"cs\",\"@id\":\"https:\\\/\\\/cpb.hr\\\/cs\\\/prohlidky\\\/#primaryimage\",\"url\":\"https:\\\/\\\/cpb.hr\\\/wp-content\\\/uploads\\\/2025\\\/07\\\/1_croatina_premium_boats_murter-e1752588664197.jpg\",\"contentUrl\":\"https:\\\/\\\/cpb.hr\\\/wp-content\\\/uploads\\\/2025\\\/07\\\/1_croatina_premium_boats_murter-e1752588664197.jpg\",\"width\":1800,\"height\":1200,\"caption\":\"Speedboat rental in Murter cruising through Kornati islands\"},{\"@type\":\"BreadcrumbList\",\"@id\":\"https:\\\/\\\/cpb.hr\\\/cs\\\/prohlidky\\\/#breadcrumb\",\"itemListElement\":[{\"@type\":\"ListItem\",\"position\":1,\"name\":\"Home\",\"item\":\"https:\\\/\\\/cpb.hr\\\/cs\\\/\"},{\"@type\":\"ListItem\",\"position\":2,\"name\":\"Prohl\u00eddky\"}]},{\"@type\":\"WebSite\",\"@id\":\"https:\\\/\\\/cpb.hr\\\/cs\\\/#website\",\"url\":\"https:\\\/\\\/cpb.hr\\\/cs\\\/\",\"name\":\"Croatian Premium Boats - MURTER BOAT RENTAL\",\"description\":\"MURTER BOAT RENTAL\",\"publisher\":{\"@id\":\"https:\\\/\\\/cpb.hr\\\/cs\\\/#organization\"},\"alternateName\":\"CPB - MURTER BOAT RENTAL\",\"potentialAction\":[{\"@type\":\"SearchAction\",\"target\":{\"@type\":\"EntryPoint\",\"urlTemplate\":\"https:\\\/\\\/cpb.hr\\\/cs\\\/?s={search_term_string}\"},\"query-input\":{\"@type\":\"PropertyValueSpecification\",\"valueRequired\":true,\"valueName\":\"search_term_string\"}}],\"inLanguage\":\"cs\"},{\"@type\":\"Organization\",\"@id\":\"https:\\\/\\\/cpb.hr\\\/cs\\\/#organization\",\"name\":\"Croatian Premium Boats\",\"alternateName\":\"CPB\",\"url\":\"https:\\\/\\\/cpb.hr\\\/cs\\\/\",\"logo\":{\"@type\":\"ImageObject\",\"inLanguage\":\"cs\",\"@id\":\"https:\\\/\\\/cpb.hr\\\/cs\\\/#\\\/schema\\\/logo\\\/image\\\/\",\"url\":\"https:\\\/\\\/cpb.hr\\\/wp-content\\\/uploads\\\/2025\\\/07\\\/cpb_full-e1752576750601.png\",\"contentUrl\":\"https:\\\/\\\/cpb.hr\\\/wp-content\\\/uploads\\\/2025\\\/07\\\/cpb_full-e1752576750601.png\",\"width\":713,\"height\":180,\"caption\":\"Croatian Premium Boats\"},\"image\":{\"@id\":\"https:\\\/\\\/cpb.hr\\\/cs\\\/#\\\/schema\\\/logo\\\/image\\\/\"},\"sameAs\":[\"https:\\\/\\\/www.instagram.com\\\/croatian_premium_boats_mu\\\/\"]}]}<\/script>\n<!-- \/ Yoast SEO plugin. -->","yoast_head_json":{"title":"P\u0159esun z kotvi\u0161t\u011b na b\u0159eh \u2013 Murter | Croatian Premium Boats","robots":{"index":"index","follow":"follow","max-snippet":"max-snippet:-1","max-image-preview":"max-image-preview:large","max-video-preview":"max-video-preview:-1"},"canonical":"https:\/\/cpb.hr\/cs\/prohlidky\/","og_locale":"cs_CZ","og_type":"article","og_title":"Prohl\u00eddky - Croatian Premium Boats","og_description":"P\u016fj\u010dovna lod\u00ed Premium v Murteru - soukrom\u00e9 v\u00fdlety na Kornati, \u0160ibenik a Skradin. Kapit\u00e1n, palivo a luxus v cen\u011b.","og_url":"https:\/\/cpb.hr\/cs\/prohlidky\/","og_site_name":"Croatian Premium Boats","article_modified_time":"2025-08-11T13:37:07+00:00","og_image":[{"width":1800,"height":1200,"url":"https:\/\/cpb.hr\/wp-content\/uploads\/2025\/07\/1_croatina_premium_boats_murter-e1752588664197.jpg","type":"image\/jpeg"}],"twitter_card":"summary_large_image","twitter_misc":{"Odhadovan\u00e1 doba \u010dten\u00ed":"1 minuta"},"schema":{"@context":"https:\/\/schema.org","@graph":[{"@type":"WebPage","@id":"https:\/\/cpb.hr\/cs\/prohlidky\/","url":"https:\/\/cpb.hr\/cs\/prohlidky\/","name":"Prohl\u00eddky - Croatian Premium Boats","isPartOf":{"@id":"https:\/\/cpb.hr\/cs\/#website"},"primaryImageOfPage":{"@id":"https:\/\/cpb.hr\/cs\/prohlidky\/#primaryimage"},"image":{"@id":"https:\/\/cpb.hr\/cs\/prohlidky\/#primaryimage"},"thumbnailUrl":"https:\/\/cpb.hr\/wp-content\/uploads\/2025\/07\/1_croatina_premium_boats_murter-e1752588664197.jpg","datePublished":"2021-07-28T09:09:42+00:00","dateModified":"2025-08-11T13:37:07+00:00","breadcrumb":{"@id":"https:\/\/cpb.hr\/cs\/prohlidky\/#breadcrumb"},"inLanguage":"cs","potentialAction":[{"@type":"ReadAction","target":["https:\/\/cpb.hr\/cs\/prohlidky\/"]}]},{"@type":"ImageObject","inLanguage":"cs","@id":"https:\/\/cpb.hr\/cs\/prohlidky\/#primaryimage","url":"https:\/\/cpb.hr\/wp-content\/uploads\/2025\/07\/1_croatina_premium_boats_murter-e1752588664197.jpg","contentUrl":"https:\/\/cpb.hr\/wp-content\/uploads\/2025\/07\/1_croatina_premium_boats_murter-e1752588664197.jpg","width":1800,"height":1200,"caption":"Speedboat rental in Murter cruising through Kornati islands"},{"@type":"BreadcrumbList","@id":"https:\/\/cpb.hr\/cs\/prohlidky\/#breadcrumb","itemListElement":[{"@type":"ListItem","position":1,"name":"Home","item":"https:\/\/cpb.hr\/cs\/"},{"@type":"ListItem","position":2,"name":"Prohl\u00eddky"}]},{"@type":"WebSite","@id":"https:\/\/cpb.hr\/cs\/#website","url":"https:\/\/cpb.hr\/cs\/","name":"Croatian Premium Boats - MURTER BOAT RENTAL","description":"MURTER BOAT RENTAL","publisher":{"@id":"https:\/\/cpb.hr\/cs\/#organization"},"alternateName":"CPB - MURTER BOAT RENTAL","potentialAction":[{"@type":"SearchAction","target":{"@type":"EntryPoint","urlTemplate":"https:\/\/cpb.hr\/cs\/?s={search_term_string}"},"query-input":{"@type":"PropertyValueSpecification","valueRequired":true,"valueName":"search_term_string"}}],"inLanguage":"cs"},{"@type":"Organization","@id":"https:\/\/cpb.hr\/cs\/#organization","name":"Croatian Premium Boats","alternateName":"CPB","url":"https:\/\/cpb.hr\/cs\/","logo":{"@type":"ImageObject","inLanguage":"cs","@id":"https:\/\/cpb.hr\/cs\/#\/schema\/logo\/image\/","url":"https:\/\/cpb.hr\/wp-content\/uploads\/2025\/07\/cpb_full-e1752576750601.png","contentUrl":"https:\/\/cpb.hr\/wp-content\/uploads\/2025\/07\/cpb_full-e1752576750601.png","width":713,"height":180,"caption":"Croatian Premium Boats"},"image":{"@id":"https:\/\/cpb.hr\/cs\/#\/schema\/logo\/image\/"},"sameAs":["https:\/\/www.instagram.com\/croatian_premium_boats_mu\/"]}]}},"_links":{"self":[{"href":"https:\/\/cpb.hr\/cs\/wp-json\/wp\/v2\/pages\/6795","targetHints":{"allow":["GET"]}}],"collection":[{"href":"https:\/\/cpb.hr\/cs\/wp-json\/wp\/v2\/pages"}],"about":[{"href":"https:\/\/cpb.hr\/cs\/wp-json\/wp\/v2\/types\/page"}],"author":[{"embeddable":true,"href":"https:\/\/cpb.hr\/cs\/wp-json\/wp\/v2\/users\/1"}],"replies":[{"embeddable":true,"href":"https:\/\/cpb.hr\/cs\/wp-json\/wp\/v2\/comments?post=6795"}],"version-history":[{"count":1,"href":"https:\/\/cpb.hr\/cs\/wp-json\/wp\/v2\/pages\/6795\/revisions"}],"predecessor-version":[{"id":6798,"href":"https:\/\/cpb.hr\/cs\/wp-json\/wp\/v2\/pages\/6795\/revisions\/6798"}],"wp:featuredmedia":[{"embeddable":true,"href":"https:\/\/cpb.hr\/cs\/wp-json\/wp\/v2\/media\/6797"}],"wp:attachment":[{"href":"https:\/\/cpb.hr\/cs\/wp-json\/wp\/v2\/media?parent=6795"}],"curies":[{"name":"wp","href":"https:\/\/api.w.org\/{rel}","templated":true}]}}